{"id":85,"date":"2019-04-25T23:06:11","date_gmt":"2019-04-25T21:06:11","guid":{"rendered":"http:\/\/snudifo37.fr\/?page_id=85"},"modified":"2025-06-10T15:47:23","modified_gmt":"2025-06-10T13:47:23","slug":"accidents-de-travail","status":"publish","type":"page","link":"https:\/\/snudifo37.fr\/index.php\/accidents-de-travail\/","title":{"rendered":"Accidents de travail"},"content":{"rendered":"\n<p>Retrouvez ici les documents et informations concernant les accidents de travail et leur d\u00e9claration.<\/p>\n\n\n\n<p><strong>En cas de besoin, n&rsquo;h\u00e9sitez pas \u00e0 nous contacter pour vous accompagner dans vos d\u00e9marches !<\/strong><\/p>\n\n\n<div class=\"wp-block-image\">\n<figure class=\"aligncenter\"><img decoding=\"async\" src=\"http:\/\/snudifo37.fr\/wp-content\/uploads\/2019\/04\/trait-rouge-m37464-2.png\" alt=\"\" class=\"wp-image-90\"\/><\/figure>\n<\/div>\n\n\n<div class=\"wp-block-file\"><a href=\"http:\/\/snudifo37.fr\/wp-content\/uploads\/2019\/04\/CIRCU_DEP_2013.pdf\">Circulaire 2013 de la DSDEN 37  concernant les accidents de travail<\/a><a href=\"http:\/\/snudifo37.fr\/wp-content\/uploads\/2019\/04\/CIRCU_DEP_2013.pdf\" class=\"wp-block-file__button wp-element-button\" download>T\u00e9l\u00e9charger<\/a><\/div>\n\n\n\n<p><a href=\"https:\/\/snudifo37.fr\/index.php\/2025\/06\/10\/declaration-daccident-de-service\/\">D\u00e9claration d&rsquo;accident de service ou de trajet<\/a><\/p>\n\n\n\n<div class=\"wp-block-file\"><a href=\"http:\/\/snudifo37.fr\/wp-content\/uploads\/2019\/04\/Guide_AT_37.pdf\">Guide \u00e0 l&rsquo;attention des personnels concernant les accidents de service ou de travail<\/a><a href=\"http:\/\/snudifo37.fr\/wp-content\/uploads\/2019\/04\/Guide_AT_37.pdf\" class=\"wp-block-file__button wp-element-button\" download>T\u00e9l\u00e9charger<\/a><\/div>\n\n\n\n<div class=\"wp-block-file\"><a href=\"http:\/\/snudifo37.fr\/wp-content\/uploads\/2019\/04\/NOTICE_INFORMATION_AS-AT-MP.pdf\">Notice explicative \u00e0 conserver par la victime<\/a><a href=\"http:\/\/snudifo37.fr\/wp-content\/uploads\/2019\/04\/NOTICE_INFORMATION_AS-AT-MP.pdf\" class=\"wp-block-file__button wp-element-button\" download>T\u00e9l\u00e9charger<\/a><\/div>\n\n\n\n<div class=\"wp-block-file\"><a href=\"blob:http:\/\/snudifo37.fr\/a90c36ce-09ca-4f33-bebd-18d72ec97071\"> Inspection Acad\u00e9mique d&rsquo;Indre &amp; Loire: \u00ab\u00a0Les violences et incivilit\u00e9s au travail\u00a0\u00bb, guide \u00e0 l&rsquo;attention des personnels<\/a><a href=\"blob:http:\/\/snudifo37.fr\/a90c36ce-09ca-4f33-bebd-18d72ec97071\" class=\"wp-block-file__button wp-element-button\" download>T\u00e9l\u00e9charger<\/a><\/div>\n\n\n\n<div class=\"wp-block-file\"><a href=\"http:\/\/snudifo37.fr\/wp-content\/uploads\/2019\/04\/Guide-type-information_VIOLENCES_ET_INCIVILITES_AU_TRAVAIL.pdf\">Guide minist\u00e9riel des risques psychosociaux<\/a><a href=\"http:\/\/snudifo37.fr\/wp-content\/uploads\/2019\/04\/Guide-type-information_VIOLENCES_ET_INCIVILITES_AU_TRAVAIL.pdf\" class=\"wp-block-file__button wp-element-button\" download>T\u00e9l\u00e9charger<\/a><\/div>\n\n\n\n<p><\/p>\n","protected":false},"excerpt":{"rendered":"<p>Retrouvez ici les documents et informations concernant les accidents de travail et leur d\u00e9claration. En cas de besoin, n&rsquo;h\u00e9sitez pas \u00e0 nous contacter pour vous accompagner dans vos d\u00e9marches !&#8230;<\/p>\n","protected":false},"author":1,"featured_media":0,"parent":0,"menu_order":16,"comment_status":"closed","ping_status":"closed","template":"","meta":{"footnotes":""},"class_list":["post-85","page","type-page","status-publish","hentry"],"_links":{"self":[{"href":"https:\/\/snudifo37.fr\/index.php\/wp-json\/wp\/v2\/pages\/85","targetHints":{"allow":["GET"]}}],"collection":[{"href":"https:\/\/snudifo37.fr\/index.php\/wp-json\/wp\/v2\/pages"}],"about":[{"href":"https:\/\/snudifo37.fr\/index.php\/wp-json\/wp\/v2\/types\/page"}],"author":[{"embeddable":true,"href":"https:\/\/snudifo37.fr\/index.php\/wp-json\/wp\/v2\/users\/1"}],"replies":[{"embeddable":true,"href":"https:\/\/snudifo37.fr\/index.php\/wp-json\/wp\/v2\/comments?post=85"}],"version-history":[{"count":3,"href":"https:\/\/snudifo37.fr\/index.php\/wp-json\/wp\/v2\/pages\/85\/revisions"}],"predecessor-version":[{"id":9182,"href":"https:\/\/snudifo37.fr\/index.php\/wp-json\/wp\/v2\/pages\/85\/revisions\/9182"}],"wp:attachment":[{"href":"https:\/\/snudifo37.fr\/index.php\/wp-json\/wp\/v2\/media?parent=85"}],"curies":[{"name":"wp","href":"https:\/\/api.w.org\/{rel}","templated":true}]}}