{"id":7113,"date":"2023-12-11T14:32:50","date_gmt":"2023-12-11T13:32:50","guid":{"rendered":"https:\/\/snudifo37.fr\/?page_id=7113"},"modified":"2023-12-11T14:32:50","modified_gmt":"2023-12-11T13:32:50","slug":"aesh-se-syndiquer","status":"publish","type":"page","link":"https:\/\/snudifo37.fr\/index.php\/aesh-se-syndiquer\/","title":{"rendered":"AESH : se syndiquer !"},"content":{"rendered":"\n<h4 class=\"wp-block-heading\">La FNEC FP Force Ouvri\u00e8re, syndicat conf\u00e9d\u00e9r\u00e9, libre et ind\u00e9pendant, organise pour leur d\u00e9fense individuelle et collective, les personnels actifs et retrait\u00e9s de l&rsquo;enseignement.<\/h4>\n\n\n\n<h4 class=\"wp-block-heading\">Attach\u00e9 \u00e0 la la\u00efcit\u00e9 de l&rsquo;\u00e9cole publique, la FNEC FP-FO agit,&nbsp;<strong>quel que soit le gouvernement,<\/strong>&nbsp;pour obtenir satisfaction sur les revendications, grandes ou petites, d\u00e9finies par ses mandants dans les instances de l&rsquo;organisation syndicale.<\/h4>\n\n\n\n<h4 class=\"wp-block-heading\">Sollicit\u00e9 de plus en plus souvent la FNEC FP-FO ne tire sa force et ses moyens financiers que de ses adh\u00e9rents (pas de publicit\u00e9 commerciale). Voil\u00e0 pourquoi nous vous proposons de cotiser \u00e0 FORCE OUVRIERE en commandant vos timbres mensuels (6 au total \u00e0 10 euros chacun pour l\u2019ann\u00e9e).<\/h4>\n\n\n\n<h4 class=\"wp-block-heading\">Rappelons aussi que vous pouvez payer en plusieurs fois \u00e0 votre convenance et que 66% du montant de la cotisation est d\u00e9ductible de vos imp\u00f4ts .<\/h4>\n\n\n\n<p>Lien pour se syndiquer : <a href=\"https:\/\/framaforms.org\/aesh-jadhere-a-fo-37-1695915592\">AESH-se-syndiquer<\/a><\/p>\n","protected":false},"excerpt":{"rendered":"<p>La FNEC FP Force Ouvri\u00e8re, syndicat conf\u00e9d\u00e9r\u00e9, libre et ind\u00e9pendant, organise pour leur d\u00e9fense individuelle et collective, les personnels actifs et retrait\u00e9s de l&rsquo;enseignement. Attach\u00e9 \u00e0 la la\u00efcit\u00e9 de l&rsquo;\u00e9cole&#8230;<\/p>\n","protected":false},"author":1,"featured_media":0,"parent":0,"menu_order":19,"comment_status":"closed","ping_status":"closed","template":"","meta":{"footnotes":""},"class_list":["post-7113","page","type-page","status-publish","hentry"],"_links":{"self":[{"href":"https:\/\/snudifo37.fr\/index.php\/wp-json\/wp\/v2\/pages\/7113","targetHints":{"allow":["GET"]}}],"collection":[{"href":"https:\/\/snudifo37.fr\/index.php\/wp-json\/wp\/v2\/pages"}],"about":[{"href":"https:\/\/snudifo37.fr\/index.php\/wp-json\/wp\/v2\/types\/page"}],"author":[{"embeddable":true,"href":"https:\/\/snudifo37.fr\/index.php\/wp-json\/wp\/v2\/users\/1"}],"replies":[{"embeddable":true,"href":"https:\/\/snudifo37.fr\/index.php\/wp-json\/wp\/v2\/comments?post=7113"}],"version-history":[{"count":1,"href":"https:\/\/snudifo37.fr\/index.php\/wp-json\/wp\/v2\/pages\/7113\/revisions"}],"predecessor-version":[{"id":7114,"href":"https:\/\/snudifo37.fr\/index.php\/wp-json\/wp\/v2\/pages\/7113\/revisions\/7114"}],"wp:attachment":[{"href":"https:\/\/snudifo37.fr\/index.php\/wp-json\/wp\/v2\/media?parent=7113"}],"curies":[{"name":"wp","href":"https:\/\/api.w.org\/{rel}","templated":true}]}}