{"id":225,"date":"2019-05-14T14:36:39","date_gmt":"2019-05-14T12:36:39","guid":{"rendered":"http:\/\/snudifo37.fr\/?page_id=225"},"modified":"2025-09-11T11:25:21","modified_gmt":"2025-09-11T09:25:21","slug":"salaires-et-indemnites","status":"publish","type":"page","link":"https:\/\/snudifo37.fr\/index.php\/salaires-et-indemnites\/","title":{"rendered":"Salaires et indemnit\u00e9s"},"content":{"rendered":"\n<figure class=\"wp-block-image size-large is-resized\"><img loading=\"lazy\" decoding=\"async\" width=\"1024\" height=\"61\" src=\"https:\/\/snudifo37.fr\/wp-content\/uploads\/2024\/02\/point-indice-1-1024x61.png\" alt=\"\" class=\"wp-image-7483\" style=\"width:1025px;height:61px\" srcset=\"https:\/\/snudifo37.fr\/wp-content\/uploads\/2024\/02\/point-indice-1-1024x61.png 1024w, https:\/\/snudifo37.fr\/wp-content\/uploads\/2024\/02\/point-indice-1-300x18.png 300w, https:\/\/snudifo37.fr\/wp-content\/uploads\/2024\/02\/point-indice-1-768x46.png 768w, https:\/\/snudifo37.fr\/wp-content\/uploads\/2024\/02\/point-indice-1-1536x91.png 1536w, https:\/\/snudifo37.fr\/wp-content\/uploads\/2024\/02\/point-indice-1.png 1718w\" sizes=\"auto, (max-width: 1024px) 100vw, 1024px\" \/><\/figure>\n\n\n\n<p>  La grille des \u00e9chelons est pr\u00e9sent\u00e9e SANS l&rsquo;acc\u00e9l\u00e9ration possible de carri\u00e8re.<\/p>\n\n\n\n<figure class=\"wp-block-image size-full\"><img loading=\"lazy\" decoding=\"async\" width=\"574\" height=\"900\" src=\"https:\/\/snudifo37.fr\/wp-content\/uploads\/2025\/09\/salaire-pe-et-instit.png\" alt=\"\" class=\"wp-image-9293\" srcset=\"https:\/\/snudifo37.fr\/wp-content\/uploads\/2025\/09\/salaire-pe-et-instit.png 574w, https:\/\/snudifo37.fr\/wp-content\/uploads\/2025\/09\/salaire-pe-et-instit-191x300.png 191w\" sizes=\"auto, (max-width: 574px) 100vw, 574px\" \/><\/figure>\n\n\n\n<hr class=\"wp-block-separator aligncenter has-text-color has-vivid-red-color has-alpha-channel-opacity has-vivid-red-background-color has-background is-style-wide\"\/>\n\n\n\n<h4 class=\"wp-block-heading has-vivid-red-color has-text-color\"><\/h4>\n\n\n\n<figure class=\"wp-block-image size-full\"><img loading=\"lazy\" decoding=\"async\" width=\"630\" height=\"478\" src=\"https:\/\/snudifo37.fr\/wp-content\/uploads\/2025\/09\/aesh.png\" alt=\"\" class=\"wp-image-9294\" srcset=\"https:\/\/snudifo37.fr\/wp-content\/uploads\/2025\/09\/aesh.png 630w, https:\/\/snudifo37.fr\/wp-content\/uploads\/2025\/09\/aesh-300x228.png 300w\" sizes=\"auto, (max-width: 630px) 100vw, 630px\" \/><\/figure>\n\n\n\n<hr class=\"wp-block-separator aligncenter has-text-color has-vivid-red-color has-alpha-channel-opacity has-vivid-red-background-color has-background is-style-wide\"\/>\n\n\n\n<h3 class=\"wp-block-heading has-vivid-red-color has-text-color\" id=\"retenues\"><strong>Retenues<\/strong>&nbsp;:<\/h3>\n\n\n\n<ul class=\"wp-block-list\">\n<li><strong>Pension civile<\/strong> (retraite) :  11,10%  du traitement indiciaire brut.<\/li>\n\n\n\n<li><strong>Solidarit\u00e9<\/strong> : 1,00 % (la retenue solidarit\u00e9 se calcule sur le traitement brut moins la pension civile).<\/li>\n\n\n\n<li><strong>CSG<\/strong> contribution sociale g\u00e9n\u00e9ralis\u00e9e : 7,50 %<\/li>\n\n\n\n<li><strong>CRDS<\/strong> : 0,50 %<\/li>\n<\/ul>\n\n\n\n<p>La CSG et la CRDS se calculent sur 98,25 % de l&rsquo;ensemble de la r\u00e9mun\u00e9ration (primes et indemnit\u00e9s comprises)<\/p>\n\n\n\n<h3 class=\"wp-block-heading has-vivid-red-color has-text-color\" id=\"ajouts\">Ajouts:<\/h3>\n\n\n\n<p>Plusieurs sommes peuvent s&rsquo;ajouter au traitement indiciaire brut, selon certaines missions ou situations v\u00e9cues par les enseignants:<\/p>\n\n\n\n<ul class=\"wp-block-list\">\n<li><strong>Prime d&rsquo;entr\u00e9e dans le m\u00e9tier :<\/strong> 1500\u20ac, vers\u00e9s en deux fois, \u00e0 la premi\u00e8re titularisation.<\/li>\n\n\n\n<li><strong>ISAE: <\/strong>2500\u20ac annuels, soit 212,50\u20ac bruts mensuels (apparaissent sous l&rsquo;appellation \u00ab\u00a0I.S.A.E.\u00a0\u00bb sur votre fiche de paye, code 201914)<\/li>\n\n\n\n<li><strong>I.S.S.R.:<\/strong> Indemnit\u00e9 de suj\u00e9tion sp\u00e9ciale de remplacement, vers\u00e9e aux enseignants rempla\u00e7ants et calcul\u00e9s depuis leur \u00e9cole de rattachement.<\/li>\n<\/ul>\n\n\n<div class=\"wp-block-image\">\n<figure class=\"aligncenter size-full is-resized\"><img loading=\"lazy\" decoding=\"async\" width=\"553\" height=\"338\" src=\"https:\/\/snudifo37.fr\/wp-content\/uploads\/2023\/09\/issr.jpg\" alt=\"\" class=\"wp-image-6657\" style=\"width:439px;height:267px\" srcset=\"https:\/\/snudifo37.fr\/wp-content\/uploads\/2023\/09\/issr.jpg 553w, https:\/\/snudifo37.fr\/wp-content\/uploads\/2023\/09\/issr-300x183.jpg 300w\" sizes=\"auto, (max-width: 553px) 100vw, 553px\" \/><\/figure>\n<\/div>\n\n\n<ul class=\"wp-block-list\">\n<li><strong>Frais de d\u00e9placement<\/strong><\/li>\n<\/ul>\n\n\n\n<h3 class=\"wp-block-heading\" id=\"primes-liees-a-des-fonctions-ou-des-postes-particuliers\"><strong><span class=\"has-inline-color has-vivid-red-color\">Primes li\u00e9es \u00e0 des fonctions ou des postes particuliers:<\/span><\/strong><\/h3>\n\n\n\n<ul class=\"wp-block-list\">\n<li><strong>Professeur sp\u00e9cialis\u00e9: <\/strong>844,20\u20ac \/ an.\n<ol class=\"wp-block-list\">\n<li><strong>Professeur Ma\u00eetre Formateur (PEMF):<\/strong> 1925\u20ac\/an<\/li>\n\n\n\n<li><strong>Conseiller P\u00e9dagogique : <\/strong>2500\u20ac \/an<\/li>\n\n\n\n<li><strong>R\u00e9seau \u00e9ducation prioritaire REP: <\/strong>1734\u20ac\/an soit 144,50\u20ac brut\/mois<\/li>\n\n\n\n<li><strong>R\u00e9seau \u00e9ducation prioritaire REP+ :<\/strong> 5114\u20ac\/an soit 426,17\u20ac brut\/mois<\/li>\n\n\n\n<li><strong>Indemnit\u00e9s pour les personnels enseignants exer\u00e7ant dans certaines structures de l&rsquo;enseignement sp\u00e9cialis\u00e9 et adapt\u00e9 :<\/strong> 1765\u20ac\/an<\/li>\n<\/ol>\n<\/li>\n<\/ul>\n\n\n\n<ul class=\"wp-block-list\">\n<li><strong>Directeur d\u2019\u00e9cole :<\/strong>                                                <\/li>\n<\/ul>\n\n\n<div class=\"wp-block-image\">\n<figure class=\"aligncenter size-full is-resized\"><img loading=\"lazy\" decoding=\"async\" width=\"704\" height=\"644\" src=\"https:\/\/snudifo37.fr\/wp-content\/uploads\/2023\/09\/direction-ecole-1.png\" alt=\"\" class=\"wp-image-6653\" style=\"width:450px;height:412px\" srcset=\"https:\/\/snudifo37.fr\/wp-content\/uploads\/2023\/09\/direction-ecole-1.png 704w, https:\/\/snudifo37.fr\/wp-content\/uploads\/2023\/09\/direction-ecole-1-300x274.png 300w\" sizes=\"auto, (max-width: 704px) 100vw, 704px\" \/><\/figure>\n<\/div>\n\n\n<ul class=\"wp-block-list\">\n<li><strong>Indemnit\u00e9 de r\u00e9sidence: <\/strong>Elle d\u00e9pend de la commune o\u00f9 s&rsquo;exerce l&rsquo;activit\u00e9 professionnelle, et se voit calcul\u00e9e en pourcentage de traitement brut. Elle peut repr\u00e9senter 0%, 1% ou 3% du traitement selon la zone o\u00f9 l&rsquo;on se situe. <strong>En Indre et Loire, nous sommes consid\u00e9r\u00e9s en zone 3 (0% du traitement brut)<\/strong><\/li>\n\n\n\n<li><strong>Suppl\u00e9ment familial de traitement: <\/strong>d\u00e9bute avec l&rsquo;arriv\u00e9e d&rsquo;un enfant (2,29\u20ac par mois) puis augmente \u00e0 chaque naissance. Part fixe + part proportionnelle au traitement brut avec une somme maximale mensuelle.                   <\/li>\n<\/ul>\n\n\n<div class=\"wp-block-image\">\n<figure class=\"aligncenter size-full is-resized\"><img loading=\"lazy\" decoding=\"async\" width=\"442\" height=\"587\" src=\"https:\/\/snudifo37.fr\/wp-content\/uploads\/2025\/09\/SFT.png\" alt=\"\" class=\"wp-image-9295\" style=\"width:392px;height:518px\" srcset=\"https:\/\/snudifo37.fr\/wp-content\/uploads\/2025\/09\/SFT.png 442w, https:\/\/snudifo37.fr\/wp-content\/uploads\/2025\/09\/SFT-226x300.png 226w\" sizes=\"auto, (max-width: 442px) 100vw, 442px\" \/><\/figure>\n<\/div>\n\n\n<p>D&rsquo;autres indemnit\u00e9s peuvent s&rsquo;ajouter ponctuellement \u00e0 votre traitement. N&rsquo;h\u00e9sitez pas \u00e0 nous contacter pour obtenir plus d&rsquo;informations.<\/p>\n\n\n\n<p>Depuis janvier 2017, une ligne est apparue sur nos fiches de paie \u00ab\u00a0<em>transfert primes-points<\/em>\u00ab\u00a0. Vous trouverez les explications dans les communiqu\u00e9s PPCR ou en nous contactant directement \u00e0 <a href=\"mailto:fo-snudi@wanadoo.fr\">fo-snudi@wanadoo.fr<\/a> ou au 06 32 39 05 38<\/p>\n\n\n\n<h3 class=\"wp-block-heading has-vivid-red-color has-text-color\" id=\"prime-d-attractivite-ou-prime-grenelle\"><mark style=\"background-color:rgba(0, 0, 0, 0)\" class=\"has-inline-color has-vivid-red-color\">Prime d&rsquo;attractivit\u00e9 ou \u00ab\u00a0prime grenelle\u00a0\u00bb<\/mark><\/h3>\n\n\n\n<p>Vers\u00e9e mensuellement depuis mai 2021, elle ne concernait que les coll\u00e8gues qui sont entre l&rsquo;\u00e9chelon 2 et 7 de la classe normale. Elle a \u00e9t\u00e9 l\u00e9g\u00e8rement augment\u00e9e et \u00e9largie \u00e0 l&rsquo;\u00e9chelon 9 en f\u00e9vrier 2022.<\/p>\n\n\n<div class=\"wp-block-image\">\n<figure class=\"aligncenter size-full is-resized\"><img loading=\"lazy\" decoding=\"async\" width=\"454\" height=\"305\" src=\"https:\/\/snudifo37.fr\/wp-content\/uploads\/2023\/09\/PRIME-ATTRACTIVITE.jpg\" alt=\"\" class=\"wp-image-6725\" style=\"width:341px;height:229px\" srcset=\"https:\/\/snudifo37.fr\/wp-content\/uploads\/2023\/09\/PRIME-ATTRACTIVITE.jpg 454w, https:\/\/snudifo37.fr\/wp-content\/uploads\/2023\/09\/PRIME-ATTRACTIVITE-300x202.jpg 300w, https:\/\/snudifo37.fr\/wp-content\/uploads\/2023\/09\/PRIME-ATTRACTIVITE-233x156.jpg 233w\" sizes=\"auto, (max-width: 454px) 100vw, 454px\" \/><\/figure>\n<\/div>\n\n\n<h3 class=\"wp-block-heading has-vivid-red-color has-text-color\">Mesure socle du Pacte<\/h3>\n\n\n\n<p>Vers\u00e9e \u00e0 partir du 1er Septembre 2023, l&rsquo;augmentation nette mensuelle de l&rsquo;ISAE est la m\u00eame pour tous les personnels au contraire de la prime d&rsquo;attractivit\u00e9 qui elle est progressive jusqu&rsquo;au 4\u00e8me \u00e9chelon puis d\u00e9gressive pour les \u00e9chelons suivants.<\/p>\n\n\n\n<figure class=\"wp-block-image size-large\"><img loading=\"lazy\" decoding=\"async\" width=\"1024\" height=\"516\" src=\"https:\/\/snudifo37.fr\/wp-content\/uploads\/2023\/09\/remuneration-1-1024x516.png\" alt=\"\" class=\"wp-image-6636\" srcset=\"https:\/\/snudifo37.fr\/wp-content\/uploads\/2023\/09\/remuneration-1-1024x516.png 1024w, https:\/\/snudifo37.fr\/wp-content\/uploads\/2023\/09\/remuneration-1-300x151.png 300w, https:\/\/snudifo37.fr\/wp-content\/uploads\/2023\/09\/remuneration-1-768x387.png 768w, https:\/\/snudifo37.fr\/wp-content\/uploads\/2023\/09\/remuneration-1.png 1177w\" sizes=\"auto, (max-width: 1024px) 100vw, 1024px\" \/><\/figure>\n\n\n\n<p><\/p>\n\n\n\n<h4 class=\"wp-block-heading has-vivid-red-color has-text-color\" id=\"calendrier-des-payes-pour-l-annee-2022\">Calendrier des payes pour l&rsquo;ann\u00e9e 2025 :<\/h4>\n\n\n<div class=\"wp-block-image\">\n<figure class=\"aligncenter size-full is-resized\"><img loading=\"lazy\" decoding=\"async\" width=\"691\" height=\"857\" src=\"https:\/\/snudifo37.fr\/wp-content\/uploads\/2025\/09\/Calendrier-salaire-pension.png\" alt=\"\" class=\"wp-image-9297\" style=\"width:502px;height:649px\" srcset=\"https:\/\/snudifo37.fr\/wp-content\/uploads\/2025\/09\/Calendrier-salaire-pension.png 691w, https:\/\/snudifo37.fr\/wp-content\/uploads\/2025\/09\/Calendrier-salaire-pension-242x300.png 242w\" sizes=\"auto, (max-width: 691px) 100vw, 691px\" \/><\/figure>\n<\/div>\n\n\n<hr class=\"wp-block-separator aligncenter has-text-color has-vivid-red-color has-alpha-channel-opacity has-vivid-red-background-color has-background is-style-wide\"\/>\n\n\n\n<h3 class=\"wp-block-heading has-vivid-red-color has-text-color\">T\u00e9l\u00e9charger les informations administratives<\/h3>\n\n\n\n<p><\/p>\n\n\n<div class=\"wp-block-image\">\n<figure class=\"aligncenter size-large is-resized\"><img loading=\"lazy\" decoding=\"async\" width=\"724\" height=\"1024\" src=\"https:\/\/snudifo37.fr\/wp-content\/uploads\/2024\/02\/240101-Affiche-administrative_page-0001-1-724x1024.jpg\" alt=\"\" class=\"wp-image-7525\" style=\"width:349px;height:494px\" srcset=\"https:\/\/snudifo37.fr\/wp-content\/uploads\/2024\/02\/240101-Affiche-administrative_page-0001-1-724x1024.jpg 724w, https:\/\/snudifo37.fr\/wp-content\/uploads\/2024\/02\/240101-Affiche-administrative_page-0001-1-212x300.jpg 212w, https:\/\/snudifo37.fr\/wp-content\/uploads\/2024\/02\/240101-Affiche-administrative_page-0001-1-768x1086.jpg 768w, https:\/\/snudifo37.fr\/wp-content\/uploads\/2024\/02\/240101-Affiche-administrative_page-0001-1-1087x1536.jpg 1087w, https:\/\/snudifo37.fr\/wp-content\/uploads\/2024\/02\/240101-Affiche-administrative_page-0001-1-1449x2048.jpg 1449w, https:\/\/snudifo37.fr\/wp-content\/uploads\/2024\/02\/240101-Affiche-administrative_page-0001-1.jpg 1755w\" sizes=\"auto, (max-width: 724px) 100vw, 724px\" \/><figcaption class=\"wp-element-caption\"><a href=\"https:\/\/snudifo37.fr\/wp-content\/uploads\/2024\/02\/240101-Affiche-administrative-1.pdf\">Retrouvez toutes les informations administratives dont vous avez besoin dans notre document sp\u00e9cial \u00ab\u00a0informations administrative<\/a><a href=\"https:\/\/snudifo37.fr\/wp-content\/uploads\/2023\/09\/230901-Affiche-administrative-1-1.pdf\">s<\/a><\/figcaption><\/figure>\n<\/div>\n\n<div class=\"wp-block-image\">\n<figure class=\"aligncenter size-full is-resized\"><img loading=\"lazy\" decoding=\"async\" width=\"582\" height=\"832\" src=\"https:\/\/snudifo37.fr\/wp-content\/uploads\/2025\/09\/indemnite-aesh.png\" alt=\"\" class=\"wp-image-9300\" style=\"width:349px;height:494px\" srcset=\"https:\/\/snudifo37.fr\/wp-content\/uploads\/2025\/09\/indemnite-aesh.png 582w, https:\/\/snudifo37.fr\/wp-content\/uploads\/2025\/09\/indemnite-aesh-210x300.png 210w\" sizes=\"auto, (max-width: 582px) 100vw, 582px\" \/><figcaption class=\"wp-element-caption\"><a href=\"https:\/\/snudifo37.fr\/wp-content\/uploads\/2025\/01\/250127-Journal-SNUDI-FO-Indemnites-ASH.pdf\">Indemnit\u00e9 ASH<\/a><\/figcaption><\/figure>\n<\/div>\n\n<div class=\"wp-block-image\">\n<figure class=\"aligncenter size-full is-resized\"><a href=\"https:\/\/snudifo37.fr\/wp-content\/uploads\/2019\/05\/Annexe1notedeservice.pdf\"><img loading=\"lazy\" decoding=\"async\" width=\"918\" height=\"632\" src=\"https:\/\/snudifo37.fr\/wp-content\/uploads\/2023\/09\/annexe1note-de-service-1.jpg\" alt=\"\" class=\"wp-image-6720\" style=\"width:355px;height:244px\" srcset=\"https:\/\/snudifo37.fr\/wp-content\/uploads\/2023\/09\/annexe1note-de-service-1.jpg 918w, https:\/\/snudifo37.fr\/wp-content\/uploads\/2023\/09\/annexe1note-de-service-1-300x207.jpg 300w, https:\/\/snudifo37.fr\/wp-content\/uploads\/2023\/09\/annexe1note-de-service-1-768x529.jpg 768w\" sizes=\"auto, (max-width: 918px) 100vw, 918px\" \/><\/a><figcaption class=\"wp-element-caption\"><a href=\"https:\/\/snudifo37.fr\/wp-content\/uploads\/2019\/05\/Annexe1notedeservice.pdf\">Note de service concernant le bar\u00e8me Hors Classe.<\/a><\/figcaption><\/figure>\n<\/div>\n\n<div class=\"wp-block-image\">\n<figure class=\"aligncenter size-large is-resized\"><img loading=\"lazy\" decoding=\"async\" width=\"724\" height=\"1024\" src=\"https:\/\/snudifo37.fr\/wp-content\/uploads\/2023\/09\/correction-sur-Note-federale-Prise-en-charge-partielle-abonnements_page-0001-724x1024.jpg\" alt=\"\" class=\"wp-image-6741\" style=\"width:349px;height:494px\" srcset=\"https:\/\/snudifo37.fr\/wp-content\/uploads\/2023\/09\/correction-sur-Note-federale-Prise-en-charge-partielle-abonnements_page-0001-724x1024.jpg 724w, https:\/\/snudifo37.fr\/wp-content\/uploads\/2023\/09\/correction-sur-Note-federale-Prise-en-charge-partielle-abonnements_page-0001-212x300.jpg 212w, https:\/\/snudifo37.fr\/wp-content\/uploads\/2023\/09\/correction-sur-Note-federale-Prise-en-charge-partielle-abonnements_page-0001-768x1086.jpg 768w, https:\/\/snudifo37.fr\/wp-content\/uploads\/2023\/09\/correction-sur-Note-federale-Prise-en-charge-partielle-abonnements_page-0001-1086x1536.jpg 1086w, https:\/\/snudifo37.fr\/wp-content\/uploads\/2023\/09\/correction-sur-Note-federale-Prise-en-charge-partielle-abonnements_page-0001.jpg 1241w\" sizes=\"auto, (max-width: 724px) 100vw, 724px\" \/><figcaption class=\"wp-element-caption\"><a href=\"https:\/\/snudifo37.fr\/wp-content\/uploads\/2023\/09\/correction-sur-Note-federale-Prise-en-charge-partielle-abonnements.pdf\">Prise en charge partielle des abonnements<\/a><\/figcaption><\/figure>\n<\/div>\n\n\n<div class=\"wp-block-file\"><a id=\"wp-block-file--media-11dd804f-c840-4a1d-8b8f-0f09d4484629\" href=\"http:\/\/snudifo37.fr\/wp-content\/uploads\/2019\/06\/Circulaire-Indemnit\u00e9-de-r\u00e9sidence.pdf\">Circulaire d\u00e9finissant le principe des \u00ab\u00a0Indemnit\u00e9s de R\u00e9sidence\u00a0\u00bb et leur champ d&rsquo;application.<\/a><a href=\"http:\/\/snudifo37.fr\/wp-content\/uploads\/2019\/06\/Circulaire-Indemnit\u00e9-de-r\u00e9sidence.pdf\" class=\"wp-block-file__button wp-element-button\" download aria-describedby=\"wp-block-file--media-11dd804f-c840-4a1d-8b8f-0f09d4484629\">T\u00e9l\u00e9charger<\/a><\/div>\n\n\n\n<p><\/p>\n","protected":false},"excerpt":{"rendered":"<p>La grille des \u00e9chelons est pr\u00e9sent\u00e9e SANS l&rsquo;acc\u00e9l\u00e9ration possible de carri\u00e8re. Retenues&nbsp;: La CSG et la CRDS se calculent sur 98,25 % de l&rsquo;ensemble de la r\u00e9mun\u00e9ration (primes et indemnit\u00e9s&#8230;<\/p>\n","protected":false},"author":1,"featured_media":0,"parent":0,"menu_order":38,"comment_status":"closed","ping_status":"closed","template":"","meta":{"footnotes":""},"class_list":["post-225","page","type-page","status-publish","hentry"],"_links":{"self":[{"href":"https:\/\/snudifo37.fr\/index.php\/wp-json\/wp\/v2\/pages\/225","targetHints":{"allow":["GET"]}}],"collection":[{"href":"https:\/\/snudifo37.fr\/index.php\/wp-json\/wp\/v2\/pages"}],"about":[{"href":"https:\/\/snudifo37.fr\/index.php\/wp-json\/wp\/v2\/types\/page"}],"author":[{"embeddable":true,"href":"https:\/\/snudifo37.fr\/index.php\/wp-json\/wp\/v2\/users\/1"}],"replies":[{"embeddable":true,"href":"https:\/\/snudifo37.fr\/index.php\/wp-json\/wp\/v2\/comments?post=225"}],"version-history":[{"count":111,"href":"https:\/\/snudifo37.fr\/index.php\/wp-json\/wp\/v2\/pages\/225\/revisions"}],"predecessor-version":[{"id":9304,"href":"https:\/\/snudifo37.fr\/index.php\/wp-json\/wp\/v2\/pages\/225\/revisions\/9304"}],"wp:attachment":[{"href":"https:\/\/snudifo37.fr\/index.php\/wp-json\/wp\/v2\/media?parent=225"}],"curies":[{"name":"wp","href":"https:\/\/api.w.org\/{rel}","templated":true}]}}