{"id":115,"date":"2019-04-28T21:52:34","date_gmt":"2019-04-28T19:52:34","guid":{"rendered":"http:\/\/snudifo37.fr\/?page_id=115"},"modified":"2019-04-28T21:52:35","modified_gmt":"2019-04-28T19:52:35","slug":"autres-autorisations-dabsence","status":"publish","type":"page","link":"https:\/\/snudifo37.fr\/index.php\/autres-autorisations-dabsence\/","title":{"rendered":"Autres autorisations d&rsquo;absence"},"content":{"rendered":"\n<p><strong>Mariage de l&rsquo;enseignant(e) :<\/strong>&nbsp;Facultatif, accord\u00e9 \u00e0 plein traitement en cas exceptionnel.\n\n<\/p>\n\n\n\n<p><strong>Ev\u00e9nements familiaux graves ou raisons exceptionnelles :<\/strong>&nbsp;Facultatif, accord\u00e9 \u00e0 plein traitement. Maximum : trois fois deux jours par ann\u00e9e scolaire.\n\n<\/p>\n\n\n\n<p><strong>D\u00e9c\u00e8s ou grave maladie du conjoint, des ascendants ou enfants :<\/strong>&nbsp;Accord\u00e9 \u00e0 plein traitement. Joindre le certificat de d\u00e9c\u00e8s ou une pi\u00e8ce justificative. Trois jours ouvrables (plus \u00e9ventuellement d\u00e9lais de route, 48 h maximum).\n\n<\/p>\n\n\n\n<p><strong>D\u00e9c\u00e8s ou maladie tr\u00e8s grave d&rsquo;un proche ou d&rsquo;une personne de la famille :&nbsp;<\/strong>Facultatif, soumis \u00e0 l&rsquo;appr\u00e9ciation de l&rsquo;IEN, accord\u00e9 \u00e0 plein traitement. Dur\u00e9e : trois jours maximum.\n\n<\/p>\n\n\n\n<p><strong>Concours et examens :<\/strong>&nbsp;Facultatif. Dur\u00e9e : dur\u00e9e des \u00e9preuves. Dans le cas de concours de la Fonction publique, deux jours ouvrables cons\u00e9cutifs pr\u00e9c\u00e9dant les \u00e9preuves peuvent \u00eatre accord\u00e9s.\n\n<\/p>\n","protected":false},"excerpt":{"rendered":"<p>Mariage de l&rsquo;enseignant(e) :&nbsp;Facultatif, accord\u00e9 \u00e0 plein traitement en cas exceptionnel. Ev\u00e9nements familiaux graves ou raisons exceptionnelles :&nbsp;Facultatif, accord\u00e9 \u00e0 plein traitement. Maximum : trois fois deux jours par ann\u00e9e&#8230;<\/p>\n","protected":false},"author":1,"featured_media":0,"parent":0,"menu_order":21,"comment_status":"closed","ping_status":"closed","template":"","meta":{"footnotes":""},"class_list":["post-115","page","type-page","status-publish","hentry"],"_links":{"self":[{"href":"https:\/\/snudifo37.fr\/index.php\/wp-json\/wp\/v2\/pages\/115","targetHints":{"allow":["GET"]}}],"collection":[{"href":"https:\/\/snudifo37.fr\/index.php\/wp-json\/wp\/v2\/pages"}],"about":[{"href":"https:\/\/snudifo37.fr\/index.php\/wp-json\/wp\/v2\/types\/page"}],"author":[{"embeddable":true,"href":"https:\/\/snudifo37.fr\/index.php\/wp-json\/wp\/v2\/users\/1"}],"replies":[{"embeddable":true,"href":"https:\/\/snudifo37.fr\/index.php\/wp-json\/wp\/v2\/comments?post=115"}],"version-history":[{"count":1,"href":"https:\/\/snudifo37.fr\/index.php\/wp-json\/wp\/v2\/pages\/115\/revisions"}],"predecessor-version":[{"id":116,"href":"https:\/\/snudifo37.fr\/index.php\/wp-json\/wp\/v2\/pages\/115\/revisions\/116"}],"wp:attachment":[{"href":"https:\/\/snudifo37.fr\/index.php\/wp-json\/wp\/v2\/media?parent=115"}],"curies":[{"name":"wp","href":"https:\/\/api.w.org\/{rel}","templated":true}]}}