{"id":110,"date":"2019-04-28T20:57:49","date_gmt":"2019-04-28T18:57:49","guid":{"rendered":"http:\/\/snudifo37.fr\/?page_id=110"},"modified":"2020-06-02T13:14:40","modified_gmt":"2020-06-02T11:14:40","slug":"conges-autorisations-dabsence-2","status":"publish","type":"page","link":"https:\/\/snudifo37.fr\/index.php\/conges-autorisations-dabsence-2\/","title":{"rendered":"Autorisations d&rsquo;absence li\u00e9es aux enfants"},"content":{"rendered":"\n<h2 class=\"wp-block-heading\"><strong>Cong\u00e9 de maternit\u00e9<\/strong><\/h2>\n\n\n\n<p>Seize semaines (6 semaines avant et 10 semaines apr\u00e8s l&rsquo;accouchement).<br><strong>P\u00e9riode pr\u00e9natale minimum <\/strong>: deux semaines<br><strong>3\u00e8me enfant :<\/strong> dur\u00e9e port\u00e9e \u00e0 26 semaines (8 + 18) ou (10 + 16).<br><strong>Naissances multiples : <\/strong>rajouter deux semaines \u00e0 la p\u00e9riode postnatale.<\/p>\n\n\n\n<p class=\"has-text-color has-vivid-red-color\"><strong>Durant le cong\u00e9 de maternit\u00e9 l&rsquo;enseignante est pay\u00e9e \u00e0 plein traitement (m\u00eame si elle \u00e9tait \u00e0 mi-temps avant le cong\u00e9 ).<\/strong><\/p>\n\n\n\n<h2 class=\"wp-block-heading\"><strong>Cong\u00e9 pour naissance<\/strong><\/h2>\n\n\n\n<p>Accord\u00e9 de droit (certificat de naissance) au p\u00e8re. Plein traitement.<br><strong>Dur\u00e9e : <\/strong>trois jours ouvrables (cons\u00e9cutifs ou non) inclus dans les 15 jours avant et apr\u00e8s la naissance.<\/p>\n\n\n\n<h2 class=\"wp-block-heading\"><strong>Cong\u00e9 de paternit\u00e9<\/strong><\/h2>\n\n\n\n<p>Onze jours <s>cons\u00e9cutifs <\/s>pris dans les 4 mois qui suivent la naissance (dimanche et jours f\u00e9ri\u00e9s compris).<br>Ces jours s\u2019ajoutent aux trois jours pour naissance.<\/p>\n\n\n\n<p><strong>Mise \u00e0 jour rentr\u00e9e 2019: <\/strong>avec la loi de transformation de la fonction publique, il est d\u00e9sormais possible pour les nouveaux p\u00e8res de fractionner leur cong\u00e9 paternit\u00e9 ! <\/p>\n\n\n\n<p class=\"has-text-color has-vivid-red-color\"><strong>Le Snudi-FO a d\u00e9j\u00e0 obtenu l&rsquo;application de ce texte dans le d\u00e9partement alors m\u00eame que certains IEN de circonscription s&rsquo;y opposaient.<\/strong><\/p>\n\n\n\n<p>Contactez-nous pour plus d&rsquo;information via notre mail <strong><a href=\"mailto:fo-snudi@wanadoo.fr\">fo-snudi@wanadoo.fr<\/a><\/strong>, via <strong>le formulaire de notre site internet<\/strong> ou au  <strong>06 70 30 11 58<\/strong> .<\/p>\n\n\n\n<h2 class=\"wp-block-heading\"><strong>Cong\u00e9 d&rsquo;adoption<\/strong><\/h2>\n\n\n\n<p>Accord\u00e9 au p\u00e8re ou \u00e0 la m\u00e8re. Plein traitement.<br><strong>1er ou 2e enfant : <\/strong>10 semaines.<br><strong>3e enfant et plus :<\/strong> 18 semaines.<br><strong>Adoption multiple :<\/strong> rajouter deux semaines.<\/p>\n\n\n\n<h2 class=\"wp-block-heading\"><strong>Cong\u00e9 parental<\/strong><\/h2>\n\n\n\n<p>En cas de naissance ou d&rsquo;adoption d&rsquo;enfant de moins de trois ans. Accord\u00e9 de droit par p\u00e9riodes de six mois renouvelables (faire la demande un mois avant) jusqu&rsquo;au 3e anniversaire de l&rsquo;enfant.<br>Accord\u00e9 au p\u00e8re ou \u00e0 la m\u00e8re ou \u00e0 l&rsquo;un puis \u00e0 l&rsquo;autre mais \u00e0 un seul \u00e0 la fois.<br>Cong\u00e9 sans traitement (mais possibilit\u00e9 de percevoir l&rsquo;APE ou l\u2019APJE*).<\/p>\n\n\n\n<p>*<em>&nbsp;Pour conna\u00eetre les montants et les conditions des autres prestations vers\u00e9es par la CAF, comme notamment l\u2019Allocation pour jeune enfant (APJE), la prestation d\u2019accueil du jeune enfant (PAJE), l\u2019allocation parentale d\u2019\u00e9ducation (APE), l\u2019allocation de soutien familial, ainsi que les prestations d\u2019action sociale interminist\u00e9rielle, veuillez contacter votre section d\u00e9partementale.<\/em><\/p>\n\n\n\n<h3 class=\"wp-block-heading\"><strong>Cong\u00e9 pour garde d&rsquo;enfants<\/strong><\/h3>\n\n\n\n<p>Accord\u00e9 au p\u00e8re ou \u00e0 la m\u00e8re \u00e0 plein traitement.<br><strong>Dur\u00e9e : <\/strong>(dur\u00e9e hebdomadaire de service + 1j). Maximum par an : 5j \u00bd par ann\u00e9e civile.<br>Dur\u00e9e doubl\u00e9e pour famille monoparentale ou si le conjoint ne b\u00e9n\u00e9ficie d&rsquo;aucune autorisation (11j par an).<\/p>\n\n\n\n<p class=\"has-text-color has-vivid-red-color\"><strong>D\u00e9compte par ann\u00e9e scolaire !<\/strong><\/p>\n\n\n\n<div class=\"wp-block-file\"><a href=\"http:\/\/snudifo37.fr\/wp-content\/uploads\/2020\/06\/info-relative-aux-autorisations-dabsence-pour-enfant-malade.pdf\">Courrier de l&rsquo;Inspection confirmant le d\u00e9compte des jours \u00ab\u00a0Garde d&rsquo;Enfant\u00a0\u00bb par ann\u00e9e scolaire et non par ann\u00e9e civile<\/a><a href=\"http:\/\/snudifo37.fr\/wp-content\/uploads\/2020\/06\/info-relative-aux-autorisations-dabsence-pour-enfant-malade.pdf\" class=\"wp-block-file__button\" download>T\u00e9l\u00e9charger<\/a><\/div>\n\n\n\n<div class=\"wp-block-file\"><a href=\"http:\/\/snudifo37.fr\/wp-content\/uploads\/2020\/01\/C_19820720_FP1475.pdf\">Circulaire n\u00b0 1475 du 20 juillet 1982 relative aux autorisations d&rsquo;absence pouvant \u00eatre accord\u00e9es au personnel de l&rsquo;administration pour soigner un enfant malade ou pour en assurer momentan\u00e9ment la garde.<\/a><a href=\"http:\/\/snudifo37.fr\/wp-content\/uploads\/2020\/01\/C_19820720_FP1475.pdf\" class=\"wp-block-file__button\" download>T\u00e9l\u00e9charger<\/a><\/div>\n\n\n\n<div class=\"wp-block-file\"><a href=\"http:\/\/snudifo37.fr\/wp-content\/uploads\/2020\/02\/cir_2302.pdf\">Circulaire n\u00b01475 du 20 juillet 1982 (version originale du document, non remis en page)<\/a><a href=\"http:\/\/snudifo37.fr\/wp-content\/uploads\/2020\/02\/cir_2302.pdf\" class=\"wp-block-file__button\" download>T\u00e9l\u00e9charger<\/a><\/div>\n\n\n\n<p><strong>Pour les autres cong\u00e9s et les disponibilit\u00e9s, contactez votre section d\u00e9partementale<\/strong><\/p>\n","protected":false},"excerpt":{"rendered":"<p>Cong\u00e9 de maternit\u00e9 Seize semaines (6 semaines avant et 10 semaines apr\u00e8s l&rsquo;accouchement).P\u00e9riode pr\u00e9natale minimum : deux semaines3\u00e8me enfant : dur\u00e9e port\u00e9e \u00e0 26 semaines (8 + 18) ou (10&#8230;<\/p>\n","protected":false},"author":1,"featured_media":0,"parent":0,"menu_order":20,"comment_status":"closed","ping_status":"closed","template":"","meta":{"footnotes":""},"class_list":["post-110","page","type-page","status-publish","hentry"],"_links":{"self":[{"href":"https:\/\/snudifo37.fr\/index.php\/wp-json\/wp\/v2\/pages\/110","targetHints":{"allow":["GET"]}}],"collection":[{"href":"https:\/\/snudifo37.fr\/index.php\/wp-json\/wp\/v2\/pages"}],"about":[{"href":"https:\/\/snudifo37.fr\/index.php\/wp-json\/wp\/v2\/types\/page"}],"author":[{"embeddable":true,"href":"https:\/\/snudifo37.fr\/index.php\/wp-json\/wp\/v2\/users\/1"}],"replies":[{"embeddable":true,"href":"https:\/\/snudifo37.fr\/index.php\/wp-json\/wp\/v2\/comments?post=110"}],"version-history":[{"count":7,"href":"https:\/\/snudifo37.fr\/index.php\/wp-json\/wp\/v2\/pages\/110\/revisions"}],"predecessor-version":[{"id":2339,"href":"https:\/\/snudifo37.fr\/index.php\/wp-json\/wp\/v2\/pages\/110\/revisions\/2339"}],"wp:attachment":[{"href":"https:\/\/snudifo37.fr\/index.php\/wp-json\/wp\/v2\/media?parent=110"}],"curies":[{"name":"wp","href":"https:\/\/api.w.org\/{rel}","templated":true}]}}